{"id":5,"date":"2020-06-03T08:52:52","date_gmt":"2020-06-03T06:52:52","guid":{"rendered":"https:\/\/partnershipstudiesgroup.uniud.it\/index.php\/one-page-express\/"},"modified":"2021-08-17T21:05:22","modified_gmt":"2021-08-17T19:05:22","slug":"one-page-express","status":"publish","type":"page","link":"https:\/\/partnershipstudiesgroup.uniud.it\/?page_id=5&lang=it","title":{"rendered":"La nostra storia"},"content":{"rendered":"\n<p><em>Il Calice e la spada<\/em>&nbsp;aveva avuto un\u2019eco importante in ambito socio-antropologico; ma fu il nostro&nbsp;Partnership Studies Group&nbsp;per primo, a livello internazionale, a studiare ed approfondire l\u2019impatto che l\u2019analisi culturale acuta e fondante di&nbsp;Riane Eisler&nbsp;poteva avere nello studio delle letterature che noi definiamo pluricentriche (anglofone, francofone, ispanofone) e nell\u2019ambito e della formazione.<\/p>\n\n\n\n<p>Il nostro progetto \u00e8 attivo dal&nbsp;1998&nbsp;ed ha portato ad una serie di&nbsp;iniziative,&nbsp;convegni,&nbsp;seminari&nbsp;e&nbsp;pubblicazioni&nbsp;di rilievo internazionale sul tema della&nbsp;partnership&nbsp;e sull\u2019importanza della cultura umanistica, perch\u00e9, come ben dice Martha Nussbaum, &#8220;le democrazie hanno bisogno della cultura umanistica&#8221;. Questo bisogno \u00e8 ancor pi\u00f9 manifesto nella crisi dell\u2019economia mondiale che indica chiaramente al mondo la necessit\u00e0 di intraprendere un\u2019altra strada, di ripristinare&nbsp;il senso etico del valore della vita e del sentire umani, che non possono e non devono mai essere merce di scambio.<\/p>\n\n\n\n<p>Il Partnership Studies Group si propone di riflettere sul futuro (e il presente) delle lingue e letterature, di&nbsp;attraversare confini, soprattutto interdisciplinari, esplorare geografie e paesaggi mutevoli e complessi, varcare soglie interiori e psicologiche, tracciare percorsi in territori &#8220;differenti&#8221;. Questo \u00e8 il punto da cui si parte, nell\u2019auspicio di un approdo sempre mobile. I temi trattati spaziano in molti campi del sapere, senza barriere di generi e discipline. Infatti, questi anni di ricerca scientifica, condivisione e collaborazione all\u2019interno delle attivit\u00e0 del centro di ricerca internazionale Partnership Studies Group, hanno visto anche la partecipazione di artisti, scrittori, performer e facilitatori di tutto il mondo all\u2019interno di numerose iniziative, convegni, incontri internazionali all\u2019Universit\u00e0 di Udine e in altre sedi del Friuli Venezia Giulia e del mondo.<\/p>\n\n\n\n<div style=\"height:142px\" aria-hidden=\"true\" class=\"wp-block-spacer\"><\/div>\n\n\n\n<figure class=\"wp-block-embed is-type-video is-provider-youtube wp-block-embed-youtube wp-embed-aspect-16-9 wp-has-aspect-ratio\"><div class=\"wp-block-embed__wrapper\">\n<iframe title=\"PartnershipStudiesGroup\" width=\"960\" height=\"540\" src=\"https:\/\/www.youtube.com\/embed\/BXM1aRD7dXQ?feature=oembed\" frameborder=\"0\" allow=\"accelerometer; autoplay; clipboard-write; encrypted-media; gyroscope; picture-in-picture\" allowfullscreen><\/iframe>\n<\/div><\/figure>\n\n\n\n<div style=\"height:142px\" aria-hidden=\"true\" class=\"wp-block-spacer\"><\/div>\n\n\n\n<div class=\"wp-block-group alignwide\"><div class=\"wp-block-group__inner-container\">\n<div class=\"wp-block-group alignwide\"><div class=\"wp-block-group__inner-container\">\n<div class=\"wp-block-media-text alignwide is-vertically-aligned-center\" style=\"grid-template-columns:29% auto\"><figure class=\"wp-block-media-text__media\"><img loading=\"lazy\" width=\"206\" height=\"300\" src=\"https:\/\/partnershipstudiesgroup.uniud.it\/wp-content\/uploads\/2020\/06\/Grande-Madre-fra-2-stele--206x300.jpg\" alt=\"&quot;Grande Madre fra due stele&quot;\nBernarda Visentini\" class=\"wp-image-16 size-full\" srcset=\"https:\/\/partnershipstudiesgroup.uniud.it\/wp-content\/uploads\/2020\/06\/Grande-Madre-fra-2-stele--206x300.jpg 206w, https:\/\/partnershipstudiesgroup.uniud.it\/wp-content\/uploads\/2020\/06\/Grande-Madre-fra-2-stele--704x1024.jpg 704w, https:\/\/partnershipstudiesgroup.uniud.it\/wp-content\/uploads\/2020\/06\/Grande-Madre-fra-2-stele--768x1117.jpg 768w, https:\/\/partnershipstudiesgroup.uniud.it\/wp-content\/uploads\/2020\/06\/Grande-Madre-fra-2-stele--1057x1536.jpg 1057w, https:\/\/partnershipstudiesgroup.uniud.it\/wp-content\/uploads\/2020\/06\/Grande-Madre-fra-2-stele--1409x2048.jpg 1409w, https:\/\/partnershipstudiesgroup.uniud.it\/wp-content\/uploads\/2020\/06\/Grande-Madre-fra-2-stele--1568x2280.jpg 1568w, https:\/\/partnershipstudiesgroup.uniud.it\/wp-content\/uploads\/2020\/06\/Grande-Madre-fra-2-stele--scaled.jpg 1761w\" sizes=\"(max-width: 206px) 100vw, 206px\" \/><\/figure><div class=\"wp-block-media-text__content\">\n<p class=\"has-small-font-size\">&#8220;Grande Madre fra due stele&#8221; &#8211; <a rel=\"noreferrer noopener\" href=\"http:\/\/www.archeosculture.com\" target=\"_blank\">Bernarda Visentini<\/a><br>Giardino di Palazzo Antonini &#8211; Udine<\/p>\n<\/div><\/div>\n<\/div><\/div>\n<\/div><\/div>\n\n\n\n<div class=\"wp-block-columns\">\n<div class=\"wp-block-column\">\n<div class=\"wp-block-image is-style-default\"><figure class=\"aligncenter size-thumbnail\"><img loading=\"lazy\" width=\"150\" height=\"150\" src=\"https:\/\/partnershipstudiesgroup.uniud.it\/wp-content\/uploads\/2021\/08\/treedom_logo-150x150.png\" alt=\"\" class=\"wp-image-1064\" srcset=\"https:\/\/partnershipstudiesgroup.uniud.it\/wp-content\/uploads\/2021\/08\/treedom_logo-150x150.png 150w, https:\/\/partnershipstudiesgroup.uniud.it\/wp-content\/uploads\/2021\/08\/treedom_logo-300x300.png 300w, https:\/\/partnershipstudiesgroup.uniud.it\/wp-content\/uploads\/2021\/08\/treedom_logo-75x75.png 75w, https:\/\/partnershipstudiesgroup.uniud.it\/wp-content\/uploads\/2021\/08\/treedom_logo.png 512w\" sizes=\"(max-width: 150px) 100vw, 150px\" \/><figcaption><a href=\"https:\/\/www.treedom.net\/en\/user\/antonella-riem\/event\/partnership-studies-forest?plantIn=true\" data-type=\"URL\" data-id=\"https:\/\/www.treedom.net\/en\/user\/antonella-riem\/event\/partnership-studies-forest?plantIn=true\" target=\"_blank\" rel=\"noreferrer noopener\">Plant a tree in Partnership Studies Group forest<\/a><\/figcaption><\/figure><\/div>\n<\/div>\n<\/div>\n\n\n\n<p><\/p>\n","protected":false},"excerpt":{"rendered":"<p>Il Calice e la spada&nbsp;aveva avuto un\u2019eco importante in ambito socio-antropologico; ma fu il nostro&nbsp;Partnership Studies Group&nbsp;per primo, a livello internazionale, a studiare ed approfondire l\u2019impatto che l\u2019analisi culturale acuta e fondante di&nbsp;Riane Eisler&nbsp;poteva avere nello studio delle letterature che noi definiamo pluricentriche (anglofone, francofone, ispanofone) e nell\u2019ambito e della formazione. Il nostro progetto \u00e8 attivo dal&nbsp;1998&nbsp;ed ha portato ad una serie di&nbsp;iniziative,&nbsp;convegni,&nbsp;seminari&nbsp;e&nbsp;pubblicazioni&nbsp;di rilievo internazionale sul tema della&nbsp;partnership&nbsp;e sull\u2019importanza della cultura umanistica, perch\u00e9, come ben dice Martha Nussbaum, &#8220;le democrazie hanno bisogno della cultura umanistica&#8221;. Questo bisogno \u00e8 ancor pi\u00f9 manifesto nella crisi dell\u2019economia mondiale che indica chiaramente al mondo la necessit\u00e0 di intraprendere un\u2019altra strada, di ripristinare&nbsp;il senso etico del valore della vita e del sentire umani, che non possono e non devono mai essere merce di scambio. Il Partnership Studies Group si propone di riflettere sul futuro (e il presente) delle lingue e letterature, di&nbsp;attraversare confini, soprattutto interdisciplinari, esplorare geografie e paesaggi mutevoli e complessi, varcare soglie interiori e psicologiche, tracciare percorsi in territori &#8220;differenti&#8221;. Questo \u00e8 il punto da cui si parte, nell\u2019auspicio di un approdo sempre mobile. I temi trattati spaziano in molti campi del sapere, senza barriere di generi e discipline. Infatti, questi anni di ricerca scientifica, condivisione e collaborazione all\u2019interno delle attivit\u00e0 del centro di ricerca internazionale Partnership Studies Group, hanno visto anche la partecipazione di artisti, scrittori, performer e facilitatori di tutto il mondo all\u2019interno di numerose iniziative, convegni, incontri internazionali all\u2019Universit\u00e0 di Udine e in altre sedi del Friuli Venezia Giulia e del mondo.<\/p>\n","protected":false},"author":3,"featured_media":0,"parent":0,"menu_order":0,"comment_status":"closed","ping_status":"closed","template":"","meta":[],"_links":{"self":[{"href":"https:\/\/partnershipstudiesgroup.uniud.it\/index.php?rest_route=\/wp\/v2\/pages\/5"}],"collection":[{"href":"https:\/\/partnershipstudiesgroup.uniud.it\/index.php?rest_route=\/wp\/v2\/pages"}],"about":[{"href":"https:\/\/partnershipstudiesgroup.uniud.it\/index.php?rest_route=\/wp\/v2\/types\/page"}],"author":[{"embeddable":true,"href":"https:\/\/partnershipstudiesgroup.uniud.it\/index.php?rest_route=\/wp\/v2\/users\/3"}],"replies":[{"embeddable":true,"href":"https:\/\/partnershipstudiesgroup.uniud.it\/index.php?rest_route=%2Fwp%2Fv2%2Fcomments&post=5"}],"version-history":[{"count":19,"href":"https:\/\/partnershipstudiesgroup.uniud.it\/index.php?rest_route=\/wp\/v2\/pages\/5\/revisions"}],"predecessor-version":[{"id":1065,"href":"https:\/\/partnershipstudiesgroup.uniud.it\/index.php?rest_route=\/wp\/v2\/pages\/5\/revisions\/1065"}],"wp:attachment":[{"href":"https:\/\/partnershipstudiesgroup.uniud.it\/index.php?rest_route=%2Fwp%2Fv2%2Fmedia&parent=5"}],"curies":[{"name":"wp","href":"https:\/\/api.w.org\/{rel}","templated":true}]}}